{"id":25210,"date":"2023-07-14T10:53:06","date_gmt":"2023-07-14T14:53:06","guid":{"rendered":"https:\/\/www.rgccoffee.com\/?page_id=25210"},"modified":"2024-11-14T15:33:07","modified_gmt":"2024-11-14T20:33:07","slug":"greensource","status":"publish","type":"page","link":"https:\/\/www.rgccoffee.com\/fr\/greensource\/","title":{"rendered":"Greensource"},"content":{"rendered":"<p>[et_pb_section fb_built=&#8221;1&#8243; _builder_version=&#8221;4.21.0&#8243; _module_preset=&#8221;default&#8221; use_background_color_gradient=&#8221;on&#8221; background_color_gradient_stops=&#8221;#199393 0%|rgba(255,255,255,0) 30%|rgba(255,255,255,0) 68%|#012c3d 100%&#8221; background_color_gradient_overlays_image=&#8221;on&#8221; background_image=&#8221;https:\/\/www.rgccoffee.com\/wp-content\/uploads\/2023\/07\/Greensource-header-background-2.jpg&#8221; background_position=&#8221;top_center&#8221; custom_margin=&#8221;0px||||false|false&#8221; custom_padding=&#8221;||||false|false&#8221; locked=&#8221;off&#8221; global_colors_info=&#8221;{}&#8221; theme_builder_area=&#8221;post_content&#8221;][et_pb_row column_structure=&#8221;3_5,2_5&#8243; make_equal=&#8221;on&#8221; _builder_version=&#8221;4.21.0&#8243; _module_preset=&#8221;default&#8221; global_colors_info=&#8221;{}&#8221; theme_builder_area=&#8221;post_content&#8221;][et_pb_column type=&#8221;3_5&#8243; module_class=&#8221;ds-vertical-align&#8221; _builder_version=&#8221;4.21.0&#8243; _module_preset=&#8221;default&#8221; global_colors_info=&#8221;{}&#8221; theme_builder_area=&#8221;post_content&#8221;][et_pb_text _builder_version=&#8221;4.21.0&#8243; _module_preset=&#8221;default&#8221; text_text_color=&#8221;#FFFFFF&#8221; background_layout=&#8221;dark&#8221; custom_margin=&#8221;||9px|||&#8221; animation_style=&#8221;fade&#8221; global_colors_info=&#8221;{}&#8221; theme_builder_area=&#8221;post_content&#8221;]<\/p>\n<h2 style=\"font-family: 'Caprasimo', cursive !important;\">LA DURABILIT\u00c9 RENCONTRE LA SP\u00c9CIALIT\u00c9<\/strong><\/h2>\n<p>Greensource Specialty was conceived with the desire to connect quality and sustainability and allows farmers, who may never have had the chance before, to participate in the specialty market. Our mission extends beyond importing exceptional coffee; we empower smallholder farmers who have persevered through challenges, but have struggled to escape the cycle of survival. Through our sustainably sourced program, RGC 3E, we offer these dedicated farmers an unprecedented opportunity to showcase their craftsmanship and cultivate their land with pride. Embracing the specialty market, they move beyond mere survival, discovering new possibilities and inspiring hope for future generations.[\/et_pb_text][\/et_pb_column][et_pb_column type=&#8221;2_5&#8243; _builder_version=&#8221;4.21.0&#8243; _module_preset=&#8221;default&#8221; global_colors_info=&#8221;{}&#8221; theme_builder_area=&#8221;post_content&#8221;][et_pb_image src=&#8221;https:\/\/www.rgccoffee.com\/wp-content\/uploads\/2023\/07\/Greensource-head-coffee.png&#8221; alt=&#8221;Greensource-head-coffee&#8221; title_text=&#8221;Greensource-head-coffee&#8221; align=&#8221;center&#8221; _builder_version=&#8221;4.21.0&#8243; _module_preset=&#8221;default&#8221; width=&#8221;88%&#8221; scroll_vertical_motion_enable=&#8221;on&#8221; scroll_vertical_motion=&#8221;0|50|50|100|1|0|-1&#8243; scroll_fade_enable=&#8221;on&#8221; scroll_fade=&#8221;0|48|100|100|0|100%|100&#8243; global_colors_info=&#8221;{}&#8221; theme_builder_area=&#8221;post_content&#8221;][\/et_pb_image][\/et_pb_column][\/et_pb_row][et_pb_row column_structure=&#8221;1_3,1_3,1_3&#8243; _builder_version=&#8221;4.21.0&#8243; _module_preset=&#8221;default&#8221; custom_margin=&#8221;40px||40px||false|false&#8221; animation_style=&#8221;slide&#8221; animation_direction=&#8221;bottom&#8221; animation_intensity_slide=&#8221;5%&#8221; global_colors_info=&#8221;{}&#8221; theme_builder_area=&#8221;post_content&#8221;][et_pb_column type=&#8221;1_3&#8243; _builder_version=&#8221;4.21.0&#8243; _module_preset=&#8221;default&#8221; global_colors_info=&#8221;{}&#8221; theme_builder_area=&#8221;post_content&#8221;][et_pb_blurb image=&#8221;https:\/\/www.rgccoffee.com\/wp-content\/uploads\/2023\/08\/RGC-icon-Greensource-Hondurasblue.svg&#8221; image_icon_width=&#8221;100px&#8221; icon_alignment=&#8221;left&#8221; _builder_version=&#8221;4.21.0&#8243; _module_preset=&#8221;default&#8221; background_layout=&#8221;dark&#8221; custom_margin=&#8221;||||false|false&#8221; custom_padding=&#8221;||||false|false&#8221; filter_contrast=&#8221;200%&#8221; global_colors_info=&#8221;{}&#8221; theme_builder_area=&#8221;post_content&#8221;]<\/p>\n<h4 style=\"font-family: 'Caprasimo', cursive !important;\">MISSION<\/h4>\n<p>Bridge the gap between quality and sustainability, emphasizing responsible sourcing, ethical partnerships, and empowering smallholder farmers.[\/et_pb_blurb][\/et_pb_column][et_pb_column type=&#8221;1_3&#8243; _builder_version=&#8221;4.21.0&#8243; _module_preset=&#8221;default&#8221; global_colors_info=&#8221;{}&#8221; theme_builder_area=&#8221;post_content&#8221;][et_pb_blurb image=&#8221;https:\/\/www.rgccoffee.com\/wp-content\/uploads\/2023\/08\/RGC-icon-Greensource-Colombiablue.svg&#8221; image_icon_width=&#8221;100px&#8221; icon_alignment=&#8221;left&#8221; _builder_version=&#8221;4.21.0&#8243; _module_preset=&#8221;default&#8221; background_layout=&#8221;dark&#8221; custom_margin=&#8221;||||false|false&#8221; custom_padding=&#8221;||||false|false&#8221; global_colors_info=&#8221;{}&#8221; theme_builder_area=&#8221;post_content&#8221;]<\/p>\n<h4 style=\"font-family: 'Caprasimo', cursive !important;\">PARTICIPATION AU MARCH\u00c9<\/h4>\n<p>Greensource empowers smallholder farmers to participate in the specialty market, breaking the cycle of survival and offering new possibilities.[\/et_pb_blurb][\/et_pb_column][et_pb_column type=&#8221;1_3&#8243; _builder_version=&#8221;4.21.0&#8243; _module_preset=&#8221;default&#8221; global_colors_info=&#8221;{}&#8221; theme_builder_area=&#8221;post_content&#8221;][et_pb_blurb image=&#8221;https:\/\/www.rgccoffee.com\/wp-content\/uploads\/2023\/08\/RGC-icon-Greensource-Perublue.svg&#8221; image_icon_width=&#8221;100px&#8221; icon_alignment=&#8221;left&#8221; _builder_version=&#8221;4.21.0&#8243; _module_preset=&#8221;default&#8221; background_layout=&#8221;dark&#8221; custom_margin=&#8221;||||false|false&#8221; custom_padding=&#8221;||||false|false&#8221; global_colors_info=&#8221;{}&#8221; theme_builder_area=&#8221;post_content&#8221;]<\/p>\n<h4 style=\"font-family: 'Caprasimo', cursive !important;\">CHANGEMENT POSITIF<\/h4>\n<p>Through the sustainably sourced RGC 3E program, dedicated farmers showcase their craftsmanship with pride, fostering positive change and inspiring hope for future generations[\/et_pb_blurb][\/et_pb_column][\/et_pb_row][\/et_pb_section][et_pb_section fb_built=&#8221;1&#8243; _builder_version=&#8221;4.21.0&#8243; _module_preset=&#8221;default&#8221; background_image=&#8221;https:\/\/www.rgccoffee.com\/wp-content\/uploads\/2023\/07\/Greensource-Background-Papercut-colombian-scenery.jpg&#8221; background_position=&#8221;top_center&#8221; height=&#8221;1100px&#8221; global_colors_info=&#8221;{}&#8221; theme_builder_area=&#8221;post_content&#8221;][\/et_pb_section][et_pb_section fb_built=&#8221;1&#8243; _builder_version=&#8221;4.21.0&#8243; _module_preset=&#8221;default&#8221; background_image=&#8221;https:\/\/www.rgccoffee.com\/wp-content\/uploads\/2023\/07\/Greensource-divider-1.jpg&#8221; background_size=&#8221;initial&#8221; background_position=&#8221;bottom_center&#8221; custom_padding=&#8221;||370px|||&#8221; global_colors_info=&#8221;{}&#8221; theme_builder_area=&#8221;post_content&#8221;][et_pb_row column_structure=&#8221;3_5,2_5&#8243; make_equal=&#8221;on&#8221; _builder_version=&#8221;4.21.0&#8243; _module_preset=&#8221;default&#8221; custom_padding=&#8221;||0px|||&#8221; global_colors_info=&#8221;{}&#8221; theme_builder_area=&#8221;post_content&#8221;][et_pb_column type=&#8221;3_5&#8243; _builder_version=&#8221;4.21.0&#8243; _module_preset=&#8221;default&#8221; global_colors_info=&#8221;{}&#8221; theme_builder_area=&#8221;post_content&#8221;][et_pb_text _builder_version=&#8221;4.21.0&#8243; _module_preset=&#8221;default&#8221; custom_margin=&#8221;||26px|||&#8221; global_colors_info=&#8221;{}&#8221; theme_builder_area=&#8221;post_content&#8221;]<\/p>\n<h2 style=\"font-family: 'Caprasimo', cursive !important;\">NOS CAF\u00c9S<\/h2>\n<p>Les caf\u00e9s au grade de sp\u00e9cialit\u00e9 Greensource repr\u00e9sentent l\u2019apog\u00e9e de nos offres de caf\u00e9, o\u00f9 la qualit\u00e9 exceptionnelle rencontre la durabilit\u00e9 dans un m\u00e9lange harmonieux. Ces caf\u00e9s sont soigneusement s\u00e9lectionn\u00e9s \u00e0 partir d\u2019un r\u00e9seau de cha\u00eenes d\u2019approvisionnement qui s\u2019alignent \u00e9troitement avec les principes fondamentaux du RGC 3E. Ces cha\u00eenes d\u2019approvisionnement ne sont pas seulement choisies pour la qualit\u00e9 exceptionnelle de leur caf\u00e9, mais aussi pour leur engagement ind\u00e9fectible envers les projets fondamentaux qui d\u00e9finissent la mission du RGC.<\/p>\n<p>[\/et_pb_text][et_pb_button button_url=&#8221;https:\/\/www.rgccoffee.com\/order-coffee\/#Greensource&#8221; button_text=&#8221;Order coffee&#8221; _builder_version=&#8221;4.21.0&#8243; _module_preset=&#8221;default&#8221; custom_button=&#8221;on&#8221; button_text_size=&#8221;14px&#8221; button_text_color=&#8221;#FFFFFF&#8221; button_bg_color=&#8221;#00cecb&#8221; button_border_width=&#8221;5px&#8221; button_border_color=&#8221;#00cecb&#8221; button_border_radius=&#8221;0px&#8221; button_font=&#8221;Montserrat|700||on|||||&#8221; custom_margin=&#8221;11px||11px||true|false&#8221; global_module=&#8221;26299&#8243; saved_tabs=&#8221;all&#8221; global_colors_info=&#8221;{}&#8221; theme_builder_area=&#8221;post_content&#8221;][\/et_pb_button][\/et_pb_column][et_pb_column type=&#8221;2_5&#8243; _builder_version=&#8221;4.21.0&#8243; _module_preset=&#8221;default&#8221; global_colors_info=&#8221;{}&#8221; theme_builder_area=&#8221;post_content&#8221;][et_pb_blurb use_icon=&#8221;on&#8221; font_icon=&#8221;&#xe031;||divi||400&#8243; icon_color=&#8221;#0c1547&#8243; icon_placement=&#8221;left&#8221; _builder_version=&#8221;4.21.0&#8243; _module_preset=&#8221;default&#8221; custom_margin=&#8221;||50px||false|false&#8221; global_colors_info=&#8221;{}&#8221; theme_builder_area=&#8221;post_content&#8221;]<\/p>\n<h3 style=\"font-family: 'Caprasimo', cursive !important;\">La qualit\u00e9 exceptionnelle<\/h3>\n<p>Our coffees are handpicked from the finest sources globally, ensuring a remarkable sensory experience with every sip.[\/et_pb_blurb][et_pb_blurb use_icon=&#8221;on&#8221; font_icon=&#8221;&#xe031;||divi||400&#8243; icon_color=&#8221;#0c1547&#8243; icon_placement=&#8221;left&#8221; _builder_version=&#8221;4.21.0&#8243; _module_preset=&#8221;default&#8221; custom_margin=&#8221;||50px||false|false&#8221; global_colors_info=&#8221;{}&#8221; theme_builder_area=&#8221;post_content&#8221;]<\/p>\n<h3 style=\"font-family: 'Caprasimo', cursive !important;\">Le d\u00e9veloppement durable au c\u0153ur de nos pr\u00e9occupations<\/h3>\n<p>Nous donnons la priorit\u00e9 aux pratiques d\u2019approvisionnement durable, en soutenant l\u2019agriculture \u00e9thique et la conservation de l\u2019environnement dans chaque tasse.<\/p>\n<p>[\/et_pb_blurb][et_pb_blurb use_icon=&#8221;on&#8221; font_icon=&#8221;&#xe031;||divi||400&#8243; icon_color=&#8221;#0c1547&#8243; icon_placement=&#8221;left&#8221; _builder_version=&#8221;4.21.0&#8243; _module_preset=&#8221;default&#8221; custom_margin=&#8221;||50px||false|false&#8221; global_colors_info=&#8221;{}&#8221; theme_builder_area=&#8221;post_content&#8221;]<\/p>\n<h3 style=\"font-family: 'Caprasimo', cursive !important;\">Des origines diverses<\/h3>\n<p>Explore the world through our diverse coffee origins, each offering a unique flavor journey from regions rich in tradition and culture.[\/et_pb_blurb][et_pb_blurb use_icon=&#8221;on&#8221; font_icon=&#8221;&#xe031;||divi||400&#8243; icon_color=&#8221;#0c1547&#8243; icon_placement=&#8221;left&#8221; _builder_version=&#8221;4.21.0&#8243; _module_preset=&#8221;default&#8221; custom_margin=&#8221;||50px||false|false&#8221; global_colors_info=&#8221;{}&#8221; theme_builder_area=&#8221;post_content&#8221;]<\/p>\n<h3 style=\"font-family: 'Caprasimo', cursive !important;\">Impact sur la communaut\u00e9<\/h3>\n<p>Your choice of our coffee directly contributes to empowering smallholder farmers and fostering thriving coffee-growing communities.[\/et_pb_blurb][\/et_pb_column][\/et_pb_row][\/et_pb_section][et_pb_section fb_built=&#8221;1&#8243; _builder_version=&#8221;4.21.0&#8243; _module_preset=&#8221;default&#8221; background_color=&#8221;#121929&#8243; global_colors_info=&#8221;{}&#8221; theme_builder_area=&#8221;post_content&#8221;][et_pb_row column_structure=&#8221;1_2,1_2&#8243; use_custom_gutter=&#8221;on&#8221; gutter_width=&#8221;2&#8243; make_equal=&#8221;on&#8221; _builder_version=&#8221;4.21.0&#8243; _module_preset=&#8221;default&#8221; min_height=&#8221;632px&#8221; custom_padding=&#8221;||||false|false&#8221; border_width_top=&#8221;1px&#8221; border_color_top=&#8221;rgba(255,255,255,0.29)&#8221; global_colors_info=&#8221;{}&#8221; theme_builder_area=&#8221;post_content&#8221;][et_pb_column type=&#8221;1_2&#8243; module_class=&#8221;ds-vertical-align&#8221; _builder_version=&#8221;4.21.0&#8243; _module_preset=&#8221;default&#8221; global_colors_info=&#8221;{}&#8221; theme_builder_area=&#8221;post_content&#8221;][et_pb_text _builder_version=&#8221;4.21.0&#8243; _module_preset=&#8221;default&#8221; text_text_color=&#8221;#FFFFFF&#8221; background_layout=&#8221;dark&#8221; custom_margin=&#8221;||9px|||&#8221; global_colors_info=&#8221;{}&#8221; theme_builder_area=&#8221;post_content&#8221;]<\/p>\n<h3 style=\"font-family: 'Caprasimo', cursive !important;\">EN SAVOIR PLUS SUR RGC, GREENSOURCE ET NOTRE ENGAGEMENT \u00c0 LA DURABILIT\u00c9<\/h3>\n<p>Alors que vous savourez les saveurs exceptionnelles de votre tasse de caf\u00e9 Greensource, nous vous invitons \u00e0 plonger plus profond\u00e9ment dans notre monde de durabilit\u00e9 et d\u2019engagement envers l\u2019excellence. Explorez les initiatives transformatrices du RGC 3E, d\u00e9couvrez les histoires qui se cachent derri\u00e8re les meilleurs caf\u00e9s de Greensource et rejoignez-nous dans notre mission de cr\u00e9er un avenir durable, \u00e9quitable et savoureux pour l\u2019industrie du caf\u00e9. Pour en savoir plus sur nos programmes et l'impact positif que nous avons, <a href=\"https:\/\/www.rgccoffee.com\/fr\/programme-3e-de-rgc\/\">cliquez ici<\/a>. Ensemble, nous pouvons faire de chaque gorg\u00e9e un catalyseur de changement, en renfor\u00e7ant les agriculteurs, en enrichissant les communaut\u00e9s et en nourrissant notre plan\u00e8te.<\/p>\n<p>[\/et_pb_text][et_pb_button button_url=&#8221;https:\/\/www.rgccoffee.com\/order-coffee\/#Greensource&#8221; button_text=&#8221;Order coffee&#8221; _builder_version=&#8221;4.21.0&#8243; _module_preset=&#8221;default&#8221; custom_button=&#8221;on&#8221; button_text_size=&#8221;14px&#8221; button_text_color=&#8221;#FFFFFF&#8221; button_bg_color=&#8221;#00cecb&#8221; button_border_width=&#8221;5px&#8221; button_border_color=&#8221;#00cecb&#8221; button_border_radius=&#8221;0px&#8221; button_font=&#8221;Montserrat|700||on|||||&#8221; custom_margin=&#8221;11px||11px||true|false&#8221; global_module=&#8221;26299&#8243; saved_tabs=&#8221;all&#8221; global_colors_info=&#8221;{}&#8221; theme_builder_area=&#8221;post_content&#8221;][\/et_pb_button][\/et_pb_column][et_pb_column type=&#8221;1_2&#8243; _builder_version=&#8221;4.21.0&#8243; _module_preset=&#8221;default&#8221; global_colors_info=&#8221;{}&#8221; theme_builder_area=&#8221;post_content&#8221;][et_pb_image src=&#8221;https:\/\/www.rgccoffee.com\/wp-content\/uploads\/2023\/10\/Greensource-coffee-bag-mockup.jpg&#8221; alt=&#8221;Greensource coffee bag with the slogan: sustainability meets specialty&#8221; title_text=&#8221;Greensource-coffee-bag-mockup&#8221; _builder_version=&#8221;4.21.0&#8243; _module_preset=&#8221;default&#8221; scroll_vertical_motion_enable=&#8221;on&#8221; scroll_vertical_motion=&#8221;0|50|50|100|1.5|0|0&#8243; hover_enabled=&#8221;0&#8243; global_colors_info=&#8221;{}&#8221; theme_builder_area=&#8221;post_content&#8221; sticky_enabled=&#8221;0&#8243;][\/et_pb_image][\/et_pb_column][\/et_pb_row][\/et_pb_section]<\/p>","protected":false},"excerpt":{"rendered":"<p>SUSTAINABILITY MEETS SPECIALTY Greensource Specialty was conceived with the desire to connect quality and sustainability and allows farmers, who may never have had the chance before, to participate in the specialty market. Our mission extends beyond importing exceptional coffee; we empower smallholder farmers who have persevered through challenges, but have struggled to escape the cycle [&hellip;]<\/p>","protected":false},"author":2,"featured_media":26452,"parent":0,"menu_order":120,"comment_status":"closed","ping_status":"closed","template":"","meta":{"_et_pb_use_builder":"on","_et_pb_old_content":"","_et_gb_content_width":""},"yoast_head":"<!-- This site is optimized with the Yoast SEO plugin v21.4 - https:\/\/yoast.com\/wordpress\/plugins\/seo\/ -->\n<title>Greensource Specialty Coffee - RGC Coffee<\/title>\n<meta name=\"description\" content=\"Greensource\u2019s specialty grade coffees represent the apex of our coffee offerings, where exceptional quality meets sustainability in a harmonious blend\" \/>\n<meta name=\"robots\" content=\"index, follow, max-snippet:-1, max-image-preview:large, max-video-preview:-1\" \/>\n<link rel=\"canonical\" href=\"https:\/\/www.rgccoffee.com\/fr\/greensource\/\" \/>\n<meta property=\"og:locale\" content=\"fr_CA\" \/>\n<meta property=\"og:type\" content=\"article\" \/>\n<meta property=\"og:title\" content=\"RGC Coffee - Greensource Specialty Coffee\" \/>\n<meta property=\"og:description\" content=\"Greensource\u2019s specialty grade coffees represent the apex of our coffee offerings, where exceptional quality meets sustainability in a harmonious blend\" \/>\n<meta property=\"og:url\" content=\"https:\/\/www.rgccoffee.com\/fr\/greensource\/\" \/>\n<meta property=\"og:site_name\" content=\"RGC Coffee\" \/>\n<meta property=\"article:publisher\" content=\"https:\/\/www.facebook.com\/rgccoffee\" \/>\n<meta property=\"article:modified_time\" content=\"2024-11-14T20:33:07+00:00\" \/>\n<meta property=\"og:image\" content=\"https:\/\/www.rgccoffee.com\/wp-content\/uploads\/2023\/10\/Greensource.jpg\" \/>\n\t<meta property=\"og:image:width\" content=\"1000\" \/>\n\t<meta property=\"og:image:height\" content=\"514\" \/>\n\t<meta property=\"og:image:type\" content=\"image\/jpeg\" \/>\n<meta name=\"twitter:card\" content=\"summary_large_image\" \/>\n<meta name=\"twitter:title\" content=\"RGC Coffee - Greensource Specialty Coffee\" \/>\n<meta name=\"twitter:description\" content=\"Greensource\u2019s specialty grade coffees represent the apex of our coffee offerings, where exceptional quality meets sustainability in a harmonious blend\" \/>\n<meta name=\"twitter:image\" content=\"https:\/\/www.rgccoffee.com\/wp-content\/uploads\/2023\/10\/Greensource.jpg\" \/>\n<meta name=\"twitter:site\" content=\"@rgccoffee\" \/>\n<meta name=\"twitter:label1\" content=\"Est. reading time\" \/>\n\t<meta name=\"twitter:data1\" content=\"3 minutes\" \/>\n<script type=\"application\/ld+json\" class=\"yoast-schema-graph\">{\"@context\":\"https:\/\/schema.org\",\"@graph\":[{\"@type\":\"WebPage\",\"@id\":\"https:\/\/www.rgccoffee.com\/greensource\/\",\"url\":\"https:\/\/www.rgccoffee.com\/greensource\/\",\"name\":\"Greensource Specialty Coffee - RGC Coffee\",\"isPartOf\":{\"@id\":\"https:\/\/www.rgccoffee.com\/#website\"},\"datePublished\":\"2023-07-14T14:53:06+00:00\",\"dateModified\":\"2024-11-14T20:33:07+00:00\",\"description\":\"Greensource\u2019s specialty grade coffees represent the apex of our coffee offerings, where exceptional quality meets sustainability in a harmonious blend\",\"breadcrumb\":{\"@id\":\"https:\/\/www.rgccoffee.com\/greensource\/#breadcrumb\"},\"inLanguage\":\"fr-CA\",\"potentialAction\":[{\"@type\":\"ReadAction\",\"target\":[\"https:\/\/www.rgccoffee.com\/greensource\/\"]}]},{\"@type\":\"BreadcrumbList\",\"@id\":\"https:\/\/www.rgccoffee.com\/greensource\/#breadcrumb\",\"itemListElement\":[{\"@type\":\"ListItem\",\"position\":1,\"name\":\"Home\",\"item\":\"https:\/\/www.rgccoffee.com\/\"},{\"@type\":\"ListItem\",\"position\":2,\"name\":\"Greensource\"}]},{\"@type\":\"WebSite\",\"@id\":\"https:\/\/www.rgccoffee.com\/#website\",\"url\":\"https:\/\/www.rgccoffee.com\/\",\"name\":\"RGC Coffee\",\"description\":\"Better beans. Better Beings.\",\"publisher\":{\"@id\":\"https:\/\/www.rgccoffee.com\/#organization\"},\"potentialAction\":[{\"@type\":\"SearchAction\",\"target\":{\"@type\":\"EntryPoint\",\"urlTemplate\":\"https:\/\/www.rgccoffee.com\/?s={search_term_string}\"},\"query-input\":\"required name=search_term_string\"}],\"inLanguage\":\"fr-CA\"},{\"@type\":\"Organization\",\"@id\":\"https:\/\/www.rgccoffee.com\/#organization\",\"name\":\"RGC Coffee\",\"url\":\"https:\/\/www.rgccoffee.com\/\",\"logo\":{\"@type\":\"ImageObject\",\"inLanguage\":\"fr-CA\",\"@id\":\"https:\/\/www.rgccoffee.com\/#\/schema\/logo\/image\/\",\"url\":\"https:\/\/www.rgccoffee.com\/wp-content\/uploads\/2023\/06\/Original-2-colors-url.jpg\",\"contentUrl\":\"https:\/\/www.rgccoffee.com\/wp-content\/uploads\/2023\/06\/Original-2-colors-url.jpg\",\"width\":841,\"height\":325,\"caption\":\"RGC Coffee\"},\"image\":{\"@id\":\"https:\/\/www.rgccoffee.com\/#\/schema\/logo\/image\/\"},\"sameAs\":[\"https:\/\/www.facebook.com\/rgccoffee\",\"https:\/\/twitter.com\/rgccoffee\",\"https:\/\/www.instagram.com\/rgccoffee\"]}]}<\/script>\n<!-- \/ Yoast SEO plugin. -->","yoast_head_json":{"title":"Greensource Specialty Coffee - RGC Coffee","description":"Greensource\u2019s specialty grade coffees represent the apex of our coffee offerings, where exceptional quality meets sustainability in a harmonious blend","robots":{"index":"index","follow":"follow","max-snippet":"max-snippet:-1","max-image-preview":"max-image-preview:large","max-video-preview":"max-video-preview:-1"},"canonical":"https:\/\/www.rgccoffee.com\/fr\/greensource\/","og_locale":"fr_CA","og_type":"article","og_title":"RGC Coffee - Greensource Specialty Coffee","og_description":"Greensource\u2019s specialty grade coffees represent the apex of our coffee offerings, where exceptional quality meets sustainability in a harmonious blend","og_url":"https:\/\/www.rgccoffee.com\/fr\/greensource\/","og_site_name":"RGC Coffee","article_publisher":"https:\/\/www.facebook.com\/rgccoffee","article_modified_time":"2024-11-14T20:33:07+00:00","og_image":[{"width":1000,"height":514,"url":"https:\/\/www.rgccoffee.com\/wp-content\/uploads\/2023\/10\/Greensource.jpg","type":"image\/jpeg"}],"twitter_card":"summary_large_image","twitter_title":"RGC Coffee - Greensource Specialty Coffee","twitter_description":"Greensource\u2019s specialty grade coffees represent the apex of our coffee offerings, where exceptional quality meets sustainability in a harmonious blend","twitter_image":"https:\/\/www.rgccoffee.com\/wp-content\/uploads\/2023\/10\/Greensource.jpg","twitter_site":"@rgccoffee","twitter_misc":{"Est. reading time":"3 minutes"},"schema":{"@context":"https:\/\/schema.org","@graph":[{"@type":"WebPage","@id":"https:\/\/www.rgccoffee.com\/greensource\/","url":"https:\/\/www.rgccoffee.com\/greensource\/","name":"Greensource Specialty Coffee - RGC Coffee","isPartOf":{"@id":"https:\/\/www.rgccoffee.com\/#website"},"datePublished":"2023-07-14T14:53:06+00:00","dateModified":"2024-11-14T20:33:07+00:00","description":"Greensource\u2019s specialty grade coffees represent the apex of our coffee offerings, where exceptional quality meets sustainability in a harmonious blend","breadcrumb":{"@id":"https:\/\/www.rgccoffee.com\/greensource\/#breadcrumb"},"inLanguage":"fr-CA","potentialAction":[{"@type":"ReadAction","target":["https:\/\/www.rgccoffee.com\/greensource\/"]}]},{"@type":"BreadcrumbList","@id":"https:\/\/www.rgccoffee.com\/greensource\/#breadcrumb","itemListElement":[{"@type":"ListItem","position":1,"name":"Home","item":"https:\/\/www.rgccoffee.com\/"},{"@type":"ListItem","position":2,"name":"Greensource"}]},{"@type":"WebSite","@id":"https:\/\/www.rgccoffee.com\/#website","url":"https:\/\/www.rgccoffee.com\/","name":"RGC Coffee","description":"Better beans. Better Beings.","publisher":{"@id":"https:\/\/www.rgccoffee.com\/#organization"},"potentialAction":[{"@type":"SearchAction","target":{"@type":"EntryPoint","urlTemplate":"https:\/\/www.rgccoffee.com\/?s={search_term_string}"},"query-input":"required name=search_term_string"}],"inLanguage":"fr-CA"},{"@type":"Organization","@id":"https:\/\/www.rgccoffee.com\/#organization","name":"RGC Coffee","url":"https:\/\/www.rgccoffee.com\/","logo":{"@type":"ImageObject","inLanguage":"fr-CA","@id":"https:\/\/www.rgccoffee.com\/#\/schema\/logo\/image\/","url":"https:\/\/www.rgccoffee.com\/wp-content\/uploads\/2023\/06\/Original-2-colors-url.jpg","contentUrl":"https:\/\/www.rgccoffee.com\/wp-content\/uploads\/2023\/06\/Original-2-colors-url.jpg","width":841,"height":325,"caption":"RGC Coffee"},"image":{"@id":"https:\/\/www.rgccoffee.com\/#\/schema\/logo\/image\/"},"sameAs":["https:\/\/www.facebook.com\/rgccoffee","https:\/\/twitter.com\/rgccoffee","https:\/\/www.instagram.com\/rgccoffee"]}]}},"_links":{"self":[{"href":"https:\/\/www.rgccoffee.com\/fr\/wp-json\/wp\/v2\/pages\/25210"}],"collection":[{"href":"https:\/\/www.rgccoffee.com\/fr\/wp-json\/wp\/v2\/pages"}],"about":[{"href":"https:\/\/www.rgccoffee.com\/fr\/wp-json\/wp\/v2\/types\/page"}],"author":[{"embeddable":true,"href":"https:\/\/www.rgccoffee.com\/fr\/wp-json\/wp\/v2\/users\/2"}],"replies":[{"embeddable":true,"href":"https:\/\/www.rgccoffee.com\/fr\/wp-json\/wp\/v2\/comments?post=25210"}],"version-history":[{"count":9,"href":"https:\/\/www.rgccoffee.com\/fr\/wp-json\/wp\/v2\/pages\/25210\/revisions"}],"predecessor-version":[{"id":26839,"href":"https:\/\/www.rgccoffee.com\/fr\/wp-json\/wp\/v2\/pages\/25210\/revisions\/26839"}],"wp:featuredmedia":[{"embeddable":true,"href":"https:\/\/www.rgccoffee.com\/fr\/wp-json\/wp\/v2\/media\/26452"}],"wp:attachment":[{"href":"https:\/\/www.rgccoffee.com\/fr\/wp-json\/wp\/v2\/media?parent=25210"}],"curies":[{"name":"wp","href":"https:\/\/api.w.org\/{rel}","templated":true}]}}